{"id":27151,"date":"2024-08-15T08:31:45","date_gmt":"2024-08-15T08:31:45","guid":{"rendered":"https:\/\/dilaraerenkaraman.com.tr\/?page_id=27151"},"modified":"2024-10-30T13:58:37","modified_gmt":"2024-10-30T13:58:37","slug":"yuz-yuze-beslenme-danismanligi","status":"publish","type":"page","link":"https:\/\/dilaraerenkaraman.com.tr\/index.php\/yuz-yuze-beslenme-danismanligi\/","title":{"rendered":"Kocaeli Y\u00fcz Y\u00fcze Beslenme Dan\u0131\u015fmanl\u0131\u011f\u0131"},"content":{"rendered":"\n<p>Y\u00fcz Y\u00fcze Beslenme Dan\u0131\u015fmanl\u0131\u011f\u0131<\/p>\n\n\n\n<p>Y\u00fcz y\u00fcze beslenme dan\u0131\u015fmanl\u0131\u011f\u0131, dan\u0131\u015fma merkezinde ger\u00e7ekle\u015ftirilen haftal\u0131k g\u00f6r\u00fc\u015fmeler \u015feklinde ilerleyen bir dan\u0131\u015fmanl\u0131kt\u0131r. Her hafta detayl\u0131 v\u00fccut analiziniz al\u0131n\u0131r ve mezura \u00f6l\u00e7\u00fcmleriniz yap\u0131l\u0131r.<\/p>\n\n\n\n<p>Birebir g\u00f6r\u00fc\u015ft\u00fc\u011f\u00fcm\u00fcz bu randevularda beslenme plan\u0131n\u0131z t\u00fcm detaylar\u0131yla olu\u015fturulur ve sonu\u00e7lar\u0131 y\u00fcz y\u00fcze de\u011ferlendirilir. Fiziksel g\u00f6r\u00fc\u015fmenin sa\u011flad\u0131\u011f\u0131 yak\u0131nl\u0131k veileti\u015fiminpozitif etkileri bu yolculukta avantajd\u0131r.<\/p>\n\n\n\n<p>Bedeninizi en sa\u011fl\u0131kl\u0131 versiyonuna ula\u015ft\u0131rmak ve fiziksel olarak mutlu oldu\u011funuz g\u00f6r\u00fcn\u00fcme ula\u015fman\u0131z\u0131 sa\u011flamak i\u00e7inrandevunuzu olu\u015fturman\u0131z yeterli. Sonras\u0131keyifli bir yolculuk olacak ve bu yolda birlikte y\u00fcr\u00fcyece\u011fiz.&nbsp;&nbsp;<\/p>\n\n\n\n<p><\/p>\n","protected":false},"excerpt":{"rendered":"<p>Y\u00fcz Y\u00fcze Beslenme Dan\u0131\u015fmanl\u0131\u011f\u0131 Y\u00fcz y\u00fcze beslenme dan\u0131\u015fmanl\u0131\u011f\u0131, dan\u0131\u015fma merkezinde ger\u00e7ekle\u015ftirilen haftal\u0131k g\u00f6r\u00fc\u015fmeler \u015feklinde ilerleyen bir dan\u0131\u015fmanl\u0131kt\u0131r. Her hafta detayl\u0131<\/p>\n","protected":false},"author":1,"featured_media":0,"parent":0,"menu_order":0,"comment_status":"closed","ping_status":"closed","template":"","meta":{"footnotes":""},"class_list":["post-27151","page","type-page","status-publish","hentry"],"_links":{"self":[{"href":"https:\/\/dilaraerenkaraman.com.tr\/index.php\/wp-json\/wp\/v2\/pages\/27151","targetHints":{"allow":["GET"]}}],"collection":[{"href":"https:\/\/dilaraerenkaraman.com.tr\/index.php\/wp-json\/wp\/v2\/pages"}],"about":[{"href":"https:\/\/dilaraerenkaraman.com.tr\/index.php\/wp-json\/wp\/v2\/types\/page"}],"author":[{"embeddable":true,"href":"https:\/\/dilaraerenkaraman.com.tr\/index.php\/wp-json\/wp\/v2\/users\/1"}],"replies":[{"embeddable":true,"href":"https:\/\/dilaraerenkaraman.com.tr\/index.php\/wp-json\/wp\/v2\/comments?post=27151"}],"version-history":[{"count":2,"href":"https:\/\/dilaraerenkaraman.com.tr\/index.php\/wp-json\/wp\/v2\/pages\/27151\/revisions"}],"predecessor-version":[{"id":27358,"href":"https:\/\/dilaraerenkaraman.com.tr\/index.php\/wp-json\/wp\/v2\/pages\/27151\/revisions\/27358"}],"wp:attachment":[{"href":"https:\/\/dilaraerenkaraman.com.tr\/index.php\/wp-json\/wp\/v2\/media?parent=27151"}],"curies":[{"name":"wp","href":"https:\/\/api.w.org\/{rel}","templated":true}]}}