{"id":27157,"date":"2024-08-15T08:33:13","date_gmt":"2024-08-15T08:33:13","guid":{"rendered":"https:\/\/dilaraerenkaraman.com.tr\/?page_id=27157"},"modified":"2024-10-30T13:57:45","modified_gmt":"2024-10-30T13:57:45","slug":"kurumsal-beslenme-danismanligi","status":"publish","type":"page","link":"https:\/\/dilaraerenkaraman.com.tr\/index.php\/kurumsal-beslenme-danismanligi\/","title":{"rendered":"Kocaeli Kurumsal Beslenme Dan\u0131\u015fmanl\u0131\u011f\u0131"},"content":{"rendered":"\n<p>Kurumsal Beslenme Dan\u0131\u015fmanl\u0131\u011f\u0131<\/p>\n\n\n\n<p>\u0130\u015f hayat\u0131nda koruyucu sa\u011fl\u0131k hizmetleri kapsam\u0131nda de\u011ferlendirebilece\u011fimiz&nbsp;kurumsal beslenme dan\u0131\u015fmanl\u0131\u011f\u0131&nbsp;ekibinize ve i\u015finize yapaca\u011f\u0131n\u0131z en iyi yat\u0131r\u0131m.\u00c7al\u0131\u015fan\u0131n iyi olma halinin verimlili\u011fi art\u0131rd\u0131\u011f\u0131 kurumsal hayatta bilinen bir ger\u00e7ektir. Bu sebeple Kurumsal firmalardaki \u00e7al\u0131\u015fanlar\u0131n ve y\u00f6neticilerin sa\u011fl\u0131kl\u0131 beslenme al\u0131\u015fkanl\u0131klar\u0131 edinerek \u00e7al\u0131\u015fma hayatlar\u0131nda verimlili\u011fi art\u0131rmay\u0131 ve ya\u015fam kalitelerini y\u00fckseltmeyi &nbsp;ama\u00e7layarak olu\u015fturdu\u011fum beslenme dan\u0131\u015fmanl\u0131\u011f\u0131 i\u00e7in l\u00fctfen ileti\u015fime ge\u00e7iniz.<\/p>\n","protected":false},"excerpt":{"rendered":"<p>Kurumsal Beslenme Dan\u0131\u015fmanl\u0131\u011f\u0131 \u0130\u015f hayat\u0131nda koruyucu sa\u011fl\u0131k hizmetleri kapsam\u0131nda de\u011ferlendirebilece\u011fimiz&nbsp;kurumsal beslenme dan\u0131\u015fmanl\u0131\u011f\u0131&nbsp;ekibinize ve i\u015finize yapaca\u011f\u0131n\u0131z en iyi yat\u0131r\u0131m.\u00c7al\u0131\u015fan\u0131n iyi olma<\/p>\n","protected":false},"author":1,"featured_media":0,"parent":0,"menu_order":0,"comment_status":"closed","ping_status":"closed","template":"","meta":{"footnotes":""},"class_list":["post-27157","page","type-page","status-publish","hentry"],"_links":{"self":[{"href":"https:\/\/dilaraerenkaraman.com.tr\/index.php\/wp-json\/wp\/v2\/pages\/27157","targetHints":{"allow":["GET"]}}],"collection":[{"href":"https:\/\/dilaraerenkaraman.com.tr\/index.php\/wp-json\/wp\/v2\/pages"}],"about":[{"href":"https:\/\/dilaraerenkaraman.com.tr\/index.php\/wp-json\/wp\/v2\/types\/page"}],"author":[{"embeddable":true,"href":"https:\/\/dilaraerenkaraman.com.tr\/index.php\/wp-json\/wp\/v2\/users\/1"}],"replies":[{"embeddable":true,"href":"https:\/\/dilaraerenkaraman.com.tr\/index.php\/wp-json\/wp\/v2\/comments?post=27157"}],"version-history":[{"count":2,"href":"https:\/\/dilaraerenkaraman.com.tr\/index.php\/wp-json\/wp\/v2\/pages\/27157\/revisions"}],"predecessor-version":[{"id":27352,"href":"https:\/\/dilaraerenkaraman.com.tr\/index.php\/wp-json\/wp\/v2\/pages\/27157\/revisions\/27352"}],"wp:attachment":[{"href":"https:\/\/dilaraerenkaraman.com.tr\/index.php\/wp-json\/wp\/v2\/media?parent=27157"}],"curies":[{"name":"wp","href":"https:\/\/api.w.org\/{rel}","templated":true}]}}