{"id":27160,"date":"2024-08-15T08:35:00","date_gmt":"2024-08-15T08:35:00","guid":{"rendered":"https:\/\/dilaraerenkaraman.com.tr\/?page_id=27160"},"modified":"2024-10-30T13:58:42","modified_gmt":"2024-10-30T13:58:42","slug":"zayiflama-ve-beden-agirligi-denetimi","status":"publish","type":"page","link":"https:\/\/dilaraerenkaraman.com.tr\/index.php\/zayiflama-ve-beden-agirligi-denetimi\/","title":{"rendered":"Kocaeli Zay\u0131flama ve Beden A\u011f\u0131rl\u0131\u011f\u0131 Denetimi"},"content":{"rendered":"\n<p>Zay\u0131flama ve Beden A\u011f\u0131rl\u0131\u011f\u0131 Denetimi<\/p>\n\n\n\n<p>Al\u0131\u015fkanl\u0131k haline getiremeyece\u011finiz diyet listelerinin yerine b\u00fct\u00fcnc\u00fcl sa\u011fl\u0131\u011f\u0131n\u0131za odaklanarak beslenmenizi planl\u0131yor ve istedi\u011finiz beden a\u011f\u0131rl\u0131\u011f\u0131na ula\u015fman\u0131za yard\u0131mc\u0131 oluyorum. Siz de yasaklar\u0131 olmayan, sizi strese sokmadan sa\u011fl\u0131kl\u0131 beslenmeyi \u00f6\u011frenebilece\u011finiz bir yolculu\u011fa \u00e7\u0131kmak isterseniz l\u00fctfen benimle ileti\u015fime ge\u00e7in.<\/p>\n\n\n\n<p>\u200b<\/p>\n\n\n\n<p><\/p>\n","protected":false},"excerpt":{"rendered":"<p>Zay\u0131flama ve Beden A\u011f\u0131rl\u0131\u011f\u0131 Denetimi Al\u0131\u015fkanl\u0131k haline getiremeyece\u011finiz diyet listelerinin yerine b\u00fct\u00fcnc\u00fcl sa\u011fl\u0131\u011f\u0131n\u0131za odaklanarak beslenmenizi planl\u0131yor ve istedi\u011finiz beden a\u011f\u0131rl\u0131\u011f\u0131na<\/p>\n","protected":false},"author":1,"featured_media":0,"parent":0,"menu_order":0,"comment_status":"closed","ping_status":"closed","template":"","meta":{"footnotes":""},"class_list":["post-27160","page","type-page","status-publish","hentry"],"_links":{"self":[{"href":"https:\/\/dilaraerenkaraman.com.tr\/index.php\/wp-json\/wp\/v2\/pages\/27160","targetHints":{"allow":["GET"]}}],"collection":[{"href":"https:\/\/dilaraerenkaraman.com.tr\/index.php\/wp-json\/wp\/v2\/pages"}],"about":[{"href":"https:\/\/dilaraerenkaraman.com.tr\/index.php\/wp-json\/wp\/v2\/types\/page"}],"author":[{"embeddable":true,"href":"https:\/\/dilaraerenkaraman.com.tr\/index.php\/wp-json\/wp\/v2\/users\/1"}],"replies":[{"embeddable":true,"href":"https:\/\/dilaraerenkaraman.com.tr\/index.php\/wp-json\/wp\/v2\/comments?post=27160"}],"version-history":[{"count":2,"href":"https:\/\/dilaraerenkaraman.com.tr\/index.php\/wp-json\/wp\/v2\/pages\/27160\/revisions"}],"predecessor-version":[{"id":27359,"href":"https:\/\/dilaraerenkaraman.com.tr\/index.php\/wp-json\/wp\/v2\/pages\/27160\/revisions\/27359"}],"wp:attachment":[{"href":"https:\/\/dilaraerenkaraman.com.tr\/index.php\/wp-json\/wp\/v2\/media?parent=27160"}],"curies":[{"name":"wp","href":"https:\/\/api.w.org\/{rel}","templated":true}]}}