{"id":27163,"date":"2024-08-15T08:36:15","date_gmt":"2024-08-15T08:36:15","guid":{"rendered":"https:\/\/dilaraerenkaraman.com.tr\/?page_id=27163"},"modified":"2024-10-30T13:56:42","modified_gmt":"2024-10-30T13:56:42","slug":"gebelik-ve-emzirme-doneminde-beslenme-danismanligi","status":"publish","type":"page","link":"https:\/\/dilaraerenkaraman.com.tr\/index.php\/gebelik-ve-emzirme-doneminde-beslenme-danismanligi\/","title":{"rendered":"Kocaeli Gebelik ve Emzirme D\u00f6neminde Beslenme Dan\u0131\u015fmanl\u0131\u011f\u0131"},"content":{"rendered":"\n<p>Gebelik ve Emzirme D\u00f6neminde Beslenme Dan\u0131\u015fmanl\u0131\u011f\u0131<\/p>\n\n\n\n<p>Gebelik ve emzirme d\u00f6nemi hem anne hem de bebe\u011fi i\u00e7in en \u00f6nemli d\u00f6nem. Gebelik d\u00f6neminde sa\u011fl\u0131kl\u0131 beslenme ile ideal a\u011f\u0131rl\u0131k art\u0131\u015f\u0131, emzirme d\u00f6neminde do\u011fru beslenme ile s\u00fct kalitesinin art\u0131\u015f\u0131 ve do\u011fum sonras\u0131 beden a\u011f\u0131rl\u0131\u011f\u0131 denetimi i\u00e7in l\u00fctfen benimle ileti\u015fime ge\u00e7in.<\/p>\n\n\n\n<p><\/p>\n","protected":false},"excerpt":{"rendered":"<p>Gebelik ve Emzirme D\u00f6neminde Beslenme Dan\u0131\u015fmanl\u0131\u011f\u0131 Gebelik ve emzirme d\u00f6nemi hem anne hem de bebe\u011fi i\u00e7in en \u00f6nemli d\u00f6nem. Gebelik<\/p>\n","protected":false},"author":1,"featured_media":0,"parent":0,"menu_order":0,"comment_status":"closed","ping_status":"closed","template":"","meta":{"footnotes":""},"class_list":["post-27163","page","type-page","status-publish","hentry"],"_links":{"self":[{"href":"https:\/\/dilaraerenkaraman.com.tr\/index.php\/wp-json\/wp\/v2\/pages\/27163","targetHints":{"allow":["GET"]}}],"collection":[{"href":"https:\/\/dilaraerenkaraman.com.tr\/index.php\/wp-json\/wp\/v2\/pages"}],"about":[{"href":"https:\/\/dilaraerenkaraman.com.tr\/index.php\/wp-json\/wp\/v2\/types\/page"}],"author":[{"embeddable":true,"href":"https:\/\/dilaraerenkaraman.com.tr\/index.php\/wp-json\/wp\/v2\/users\/1"}],"replies":[{"embeddable":true,"href":"https:\/\/dilaraerenkaraman.com.tr\/index.php\/wp-json\/wp\/v2\/comments?post=27163"}],"version-history":[{"count":2,"href":"https:\/\/dilaraerenkaraman.com.tr\/index.php\/wp-json\/wp\/v2\/pages\/27163\/revisions"}],"predecessor-version":[{"id":27350,"href":"https:\/\/dilaraerenkaraman.com.tr\/index.php\/wp-json\/wp\/v2\/pages\/27163\/revisions\/27350"}],"wp:attachment":[{"href":"https:\/\/dilaraerenkaraman.com.tr\/index.php\/wp-json\/wp\/v2\/media?parent=27163"}],"curies":[{"name":"wp","href":"https:\/\/api.w.org\/{rel}","templated":true}]}}