{"id":27166,"date":"2024-08-15T08:37:14","date_gmt":"2024-08-15T08:37:14","guid":{"rendered":"https:\/\/dilaraerenkaraman.com.tr\/?page_id=27166"},"modified":"2024-10-30T13:56:35","modified_gmt":"2024-10-30T13:56:35","slug":"fonksiyonel-tip-beslenme-danismanligi","status":"publish","type":"page","link":"https:\/\/dilaraerenkaraman.com.tr\/index.php\/fonksiyonel-tip-beslenme-danismanligi\/","title":{"rendered":"Kocaeli Fonksiyonel T\u0131p Beslenme Dan\u0131\u015fmanl\u0131\u011f\u0131"},"content":{"rendered":"\n<p>Fonksiyonel T\u0131p Beslenme Dan\u0131\u015fmanl\u0131\u011f\u0131<\/p>\n\n\n\n<p>Sebebini anlayamad\u0131\u011f\u0131n\u0131z haz\u0131ms\u0131zl\u0131k, gaz ve \u015fi\u015fkinlik \u015fikayetleri, kronik yorgunluk, tekrar eden mantar enfeksiyonlar\u0131, gluten ve laktoz i\u00e7eren besinlere kar\u015f\u0131 intolerans ya\u015fad\u0131\u011f\u0131n\u0131z\u0131 d\u00fc\u015f\u00fcn\u00fcyorsan\u0131z eliminasyon diyetlerinden fayda sa\u011flayabilirsiniz.&nbsp;<\/p>\n","protected":false},"excerpt":{"rendered":"<p>Fonksiyonel T\u0131p Beslenme Dan\u0131\u015fmanl\u0131\u011f\u0131 Sebebini anlayamad\u0131\u011f\u0131n\u0131z haz\u0131ms\u0131zl\u0131k, gaz ve \u015fi\u015fkinlik \u015fikayetleri, kronik yorgunluk, tekrar eden mantar enfeksiyonlar\u0131, gluten ve laktoz<\/p>\n","protected":false},"author":1,"featured_media":0,"parent":0,"menu_order":0,"comment_status":"closed","ping_status":"closed","template":"","meta":{"footnotes":""},"class_list":["post-27166","page","type-page","status-publish","hentry"],"_links":{"self":[{"href":"https:\/\/dilaraerenkaraman.com.tr\/index.php\/wp-json\/wp\/v2\/pages\/27166","targetHints":{"allow":["GET"]}}],"collection":[{"href":"https:\/\/dilaraerenkaraman.com.tr\/index.php\/wp-json\/wp\/v2\/pages"}],"about":[{"href":"https:\/\/dilaraerenkaraman.com.tr\/index.php\/wp-json\/wp\/v2\/types\/page"}],"author":[{"embeddable":true,"href":"https:\/\/dilaraerenkaraman.com.tr\/index.php\/wp-json\/wp\/v2\/users\/1"}],"replies":[{"embeddable":true,"href":"https:\/\/dilaraerenkaraman.com.tr\/index.php\/wp-json\/wp\/v2\/comments?post=27166"}],"version-history":[{"count":2,"href":"https:\/\/dilaraerenkaraman.com.tr\/index.php\/wp-json\/wp\/v2\/pages\/27166\/revisions"}],"predecessor-version":[{"id":27349,"href":"https:\/\/dilaraerenkaraman.com.tr\/index.php\/wp-json\/wp\/v2\/pages\/27166\/revisions\/27349"}],"wp:attachment":[{"href":"https:\/\/dilaraerenkaraman.com.tr\/index.php\/wp-json\/wp\/v2\/media?parent=27166"}],"curies":[{"name":"wp","href":"https:\/\/api.w.org\/{rel}","templated":true}]}}