{"id":27169,"date":"2024-08-15T08:41:25","date_gmt":"2024-08-15T08:41:25","guid":{"rendered":"https:\/\/dilaraerenkaraman.com.tr\/?page_id=27169"},"modified":"2024-10-30T13:57:52","modified_gmt":"2024-10-30T13:57:52","slug":"metabolikkronik-hastaliklarda-beslenme-danismanligi","status":"publish","type":"page","link":"https:\/\/dilaraerenkaraman.com.tr\/index.php\/metabolikkronik-hastaliklarda-beslenme-danismanligi\/","title":{"rendered":"Kocaeli Metabolik&amp;Kronik Hastal\u0131klarda Beslenme Dan\u0131\u015fmanl\u0131\u011f\u0131"},"content":{"rendered":"\n<p>Metabolik&amp;Kronik Hastal\u0131klarda Beslenme Dan\u0131\u015fmanl\u0131\u011f\u0131<\/p>\n\n\n\n<p>A\u015f\u0131r\u0131 alkol ve sigara t\u00fcketimi, dengesiz beslenme, fiziksel aktivite yetersizli\u011fi ve genetik fakt\u00f6rler kronik hastal\u0131klar\u0131n g\u00f6r\u00fclme ihtimalini art\u0131ran risk fakt\u00f6rleri aras\u0131ndad\u0131r. Metabolik hastal\u0131klar tipik olarak kal\u0131tsald\u0131r ancak ilerleyen ya\u015flarda \u00e7evresel fakt\u00f6rlerin tetiklemesiyle ortaya \u00e7\u0131kabilir.&nbsp;Diyabet, Endokrinolojik hastal\u0131klar (Troid, PCOS,\u0130ns\u00fclin Direnci vb.) ve Kardiyovask\u00fcler hastal\u0131klar gibi sa\u011fl\u0131k problemleriniz i\u00e7in beslenme deste\u011fi almak istiyorsan\u0131z l\u00fctfen ileti\u015fime ge\u00e7iniz.&nbsp;<\/p>\n","protected":false},"excerpt":{"rendered":"<p>Metabolik&amp;Kronik Hastal\u0131klarda Beslenme Dan\u0131\u015fmanl\u0131\u011f\u0131 A\u015f\u0131r\u0131 alkol ve sigara t\u00fcketimi, dengesiz beslenme, fiziksel aktivite yetersizli\u011fi ve genetik fakt\u00f6rler kronik hastal\u0131klar\u0131n g\u00f6r\u00fclme<\/p>\n","protected":false},"author":1,"featured_media":0,"parent":0,"menu_order":0,"comment_status":"closed","ping_status":"closed","template":"","meta":{"footnotes":""},"class_list":["post-27169","page","type-page","status-publish","hentry"],"_links":{"self":[{"href":"https:\/\/dilaraerenkaraman.com.tr\/index.php\/wp-json\/wp\/v2\/pages\/27169","targetHints":{"allow":["GET"]}}],"collection":[{"href":"https:\/\/dilaraerenkaraman.com.tr\/index.php\/wp-json\/wp\/v2\/pages"}],"about":[{"href":"https:\/\/dilaraerenkaraman.com.tr\/index.php\/wp-json\/wp\/v2\/types\/page"}],"author":[{"embeddable":true,"href":"https:\/\/dilaraerenkaraman.com.tr\/index.php\/wp-json\/wp\/v2\/users\/1"}],"replies":[{"embeddable":true,"href":"https:\/\/dilaraerenkaraman.com.tr\/index.php\/wp-json\/wp\/v2\/comments?post=27169"}],"version-history":[{"count":2,"href":"https:\/\/dilaraerenkaraman.com.tr\/index.php\/wp-json\/wp\/v2\/pages\/27169\/revisions"}],"predecessor-version":[{"id":27353,"href":"https:\/\/dilaraerenkaraman.com.tr\/index.php\/wp-json\/wp\/v2\/pages\/27169\/revisions\/27353"}],"wp:attachment":[{"href":"https:\/\/dilaraerenkaraman.com.tr\/index.php\/wp-json\/wp\/v2\/media?parent=27169"}],"curies":[{"name":"wp","href":"https:\/\/api.w.org\/{rel}","templated":true}]}}