{"id":27172,"date":"2024-08-15T08:42:33","date_gmt":"2024-08-15T08:42:33","guid":{"rendered":"https:\/\/dilaraerenkaraman.com.tr\/?page_id=27172"},"modified":"2024-10-30T13:56:11","modified_gmt":"2024-10-30T13:56:11","slug":"cocukluk-ve-ergenlik-doneminde-beslenme-danismanligi","status":"publish","type":"page","link":"https:\/\/dilaraerenkaraman.com.tr\/index.php\/cocukluk-ve-ergenlik-doneminde-beslenme-danismanligi\/","title":{"rendered":"Kocaeli \u00c7ocukluk ve Ergenlik D\u00f6neminde Beslenme Dan\u0131\u015fmanl\u0131\u011f\u0131"},"content":{"rendered":"\n<p>\u00c7ocukluk ve Ergenlik D\u00f6neminde Beslenme Dan\u0131\u015fmanl\u0131\u011f\u0131<\/p>\n\n\n\n<p>\u00c7ocukluk \u00e7a\u011f\u0131 obezitesini \u00f6nlemek, \u00e7ocuklar\u0131m\u0131za sa\u011fl\u0131kl\u0131 beslenme al\u0131\u015fkanl\u0131klar\u0131 kazand\u0131rmak, b\u00fcy\u00fcme ve geli\u015fmelerini desteklemek onlar i\u00e7in yapmam\u0131z gereken en \u00f6nemli \u015feylerden birisi. \u00c7ocu\u011funuzun gelecekte daha sa\u011fl\u0131kl\u0131 bir birey olmas\u0131n\u0131 istiyorsan\u0131z benimle ileti\u015fime ge\u00e7ebilirsiniz.<\/p>\n\n\n\n<p><\/p>\n","protected":false},"excerpt":{"rendered":"<p>\u00c7ocukluk ve Ergenlik D\u00f6neminde Beslenme Dan\u0131\u015fmanl\u0131\u011f\u0131 \u00c7ocukluk \u00e7a\u011f\u0131 obezitesini \u00f6nlemek, \u00e7ocuklar\u0131m\u0131za sa\u011fl\u0131kl\u0131 beslenme al\u0131\u015fkanl\u0131klar\u0131 kazand\u0131rmak, b\u00fcy\u00fcme ve geli\u015fmelerini desteklemek onlar<\/p>\n","protected":false},"author":1,"featured_media":0,"parent":0,"menu_order":0,"comment_status":"closed","ping_status":"closed","template":"","meta":{"footnotes":""},"class_list":["post-27172","page","type-page","status-publish","hentry"],"_links":{"self":[{"href":"https:\/\/dilaraerenkaraman.com.tr\/index.php\/wp-json\/wp\/v2\/pages\/27172","targetHints":{"allow":["GET"]}}],"collection":[{"href":"https:\/\/dilaraerenkaraman.com.tr\/index.php\/wp-json\/wp\/v2\/pages"}],"about":[{"href":"https:\/\/dilaraerenkaraman.com.tr\/index.php\/wp-json\/wp\/v2\/types\/page"}],"author":[{"embeddable":true,"href":"https:\/\/dilaraerenkaraman.com.tr\/index.php\/wp-json\/wp\/v2\/users\/1"}],"replies":[{"embeddable":true,"href":"https:\/\/dilaraerenkaraman.com.tr\/index.php\/wp-json\/wp\/v2\/comments?post=27172"}],"version-history":[{"count":2,"href":"https:\/\/dilaraerenkaraman.com.tr\/index.php\/wp-json\/wp\/v2\/pages\/27172\/revisions"}],"predecessor-version":[{"id":27346,"href":"https:\/\/dilaraerenkaraman.com.tr\/index.php\/wp-json\/wp\/v2\/pages\/27172\/revisions\/27346"}],"wp:attachment":[{"href":"https:\/\/dilaraerenkaraman.com.tr\/index.php\/wp-json\/wp\/v2\/media?parent=27172"}],"curies":[{"name":"wp","href":"https:\/\/api.w.org\/{rel}","templated":true}]}}