{"id":27175,"date":"2024-08-15T08:44:10","date_gmt":"2024-08-15T08:44:10","guid":{"rendered":"https:\/\/dilaraerenkaraman.com.tr\/?page_id=27175"},"modified":"2024-10-30T13:58:30","modified_gmt":"2024-10-30T13:58:30","slug":"sporcu-beslenmesi","status":"publish","type":"page","link":"https:\/\/dilaraerenkaraman.com.tr\/index.php\/sporcu-beslenmesi\/","title":{"rendered":"Kocaeli Sporcu Beslenmesi"},"content":{"rendered":"\n<p>Sporcu Beslenmesi<\/p>\n\n\n\n<p><strong>Sporcunun performans\u0131 ve ba\u015far\u0131s\u0131 b\u00fcy\u00fck oranla beslenmesine ba\u011fl\u0131d\u0131r.<\/strong><strong><\/strong><\/p>\n\n\n\n<p>Sporcu beslenmesi, bedendeki enerji ve besin ili\u015fkisini en iyi \u015fekilde g\u00f6zlemleyebilece\u011fimiz aland\u0131r. Profesyonel sporcular bilir ki en iyi performans\u0131 elde edilebilecek enerji kayna\u011f\u0131n\u0131 kullanmak son derece \u00f6nemlidir. V\u00fccutlar\u0131n\u0131n ve yapt\u0131klar\u0131 spor t\u00fcr\u00fcn\u00fcn gereksinimlerine g\u00f6re t\u00fcketmeleri gereken ya\u011f, karbonhidrat ve protein miktar\u0131n\u0131 sporculara &nbsp;\u00f6zel olarak belirlenir. Hatta antrenman programlar\u0131na g\u00f6re, sporcunun ihtiyac\u0131 olan besinin, planlanan \u00f6\u011f\u00fcnlerde al\u0131nmas\u0131, sporcunun t\u00fcm fiziksel yeteneklerini maksimumda kullanmas\u0131n\u0131 ve performans\u0131n\u0131n \u00e7ok daha iyi hale gelmesini sa\u011flar. Siz de en iyi performans\u0131na ula\u015fmay\u0131 hedefleyen bir sporcuysan\u0131z benimle ileti\u015fime ge\u00e7ebilirsiniz.<\/p>\n\n\n\n<p><\/p>\n","protected":false},"excerpt":{"rendered":"<p>Sporcu Beslenmesi Sporcunun performans\u0131 ve ba\u015far\u0131s\u0131 b\u00fcy\u00fck oranla beslenmesine ba\u011fl\u0131d\u0131r. Sporcu beslenmesi, bedendeki enerji ve besin ili\u015fkisini en iyi \u015fekilde<\/p>\n","protected":false},"author":1,"featured_media":0,"parent":0,"menu_order":0,"comment_status":"closed","ping_status":"closed","template":"","meta":{"footnotes":""},"class_list":["post-27175","page","type-page","status-publish","hentry"],"_links":{"self":[{"href":"https:\/\/dilaraerenkaraman.com.tr\/index.php\/wp-json\/wp\/v2\/pages\/27175","targetHints":{"allow":["GET"]}}],"collection":[{"href":"https:\/\/dilaraerenkaraman.com.tr\/index.php\/wp-json\/wp\/v2\/pages"}],"about":[{"href":"https:\/\/dilaraerenkaraman.com.tr\/index.php\/wp-json\/wp\/v2\/types\/page"}],"author":[{"embeddable":true,"href":"https:\/\/dilaraerenkaraman.com.tr\/index.php\/wp-json\/wp\/v2\/users\/1"}],"replies":[{"embeddable":true,"href":"https:\/\/dilaraerenkaraman.com.tr\/index.php\/wp-json\/wp\/v2\/comments?post=27175"}],"version-history":[{"count":2,"href":"https:\/\/dilaraerenkaraman.com.tr\/index.php\/wp-json\/wp\/v2\/pages\/27175\/revisions"}],"predecessor-version":[{"id":27357,"href":"https:\/\/dilaraerenkaraman.com.tr\/index.php\/wp-json\/wp\/v2\/pages\/27175\/revisions\/27357"}],"wp:attachment":[{"href":"https:\/\/dilaraerenkaraman.com.tr\/index.php\/wp-json\/wp\/v2\/media?parent=27175"}],"curies":[{"name":"wp","href":"https:\/\/api.w.org\/{rel}","templated":true}]}}