{"id":27178,"date":"2024-08-15T08:45:55","date_gmt":"2024-08-15T08:45:55","guid":{"rendered":"https:\/\/dilaraerenkaraman.com.tr\/?page_id=27178"},"modified":"2024-10-30T13:55:50","modified_gmt":"2024-10-30T13:55:50","slug":"bolgesel-zayiflama","status":"publish","type":"page","link":"https:\/\/dilaraerenkaraman.com.tr\/index.php\/bolgesel-zayiflama\/","title":{"rendered":"Kocaeli B\u00f6lgesel Zay\u0131flama \u00a0"},"content":{"rendered":"\n<p>B\u00f6lgesel Zay\u0131flama &nbsp;<\/p>\n\n\n\n<p>Andulasyon Terapi t\u0131bbi k\u0131z\u0131l \u00f6tesi derin \u0131s\u0131nma ve geni\u015f frekans aral\u0131\u011f\u0131nda dokularda biyolojik rezonans titre\u015fimlerini kullanarak dola\u015f\u0131m sistemi, lenf sistemi ve sindirim sisteminin \u00e7al\u0131\u015fmalar\u0131n\u0131 destekler ve kaliteli ya\u015fama ula\u015fman\u0131z\u0131 sa\u011flar. Ayr\u0131ca \u00e7e\u015fitli sa\u011fl\u0131k sorunlar\u0131n\u0131n sebep oldu\u011fu a\u011fr\u0131lar\u0131 da hafifleterek tedavi s\u00fcrecinizi destekler. Beden a\u011f\u0131rl\u0131\u011f\u0131 denetimi s\u00fcrecinde do\u011fru beslenme program\u0131 ile verdi\u011finiz kilolar\u0131n \u00f6dem, ba\u011f\u0131rsak hareketlerindeki azl\u0131k yada toksifikasyon sebebiyle sekteye u\u011framas\u0131n\u0131 engeller. B\u00f6lgesel olarak s\u0131k\u0131la\u015fman\u0131z\u0131 destekler. Stresinizi azaltarak ve uyku d\u00fczeninizi destekleyerek motivasyonunuzu art\u0131r\u0131r.<\/p>\n\n\n\n<p>15 dakikal\u0131k Andulasyon Terapi seans\u0131 v\u00fccudunuza 2.5 saatlik y\u00fcr\u00fcy\u00fc\u015f\u00fcn sa\u011flad\u0131\u011f\u0131 pozitif etkiyi sa\u011flar.<\/p>\n","protected":false},"excerpt":{"rendered":"<p>B\u00f6lgesel Zay\u0131flama &nbsp; Andulasyon Terapi t\u0131bbi k\u0131z\u0131l \u00f6tesi derin \u0131s\u0131nma ve geni\u015f frekans aral\u0131\u011f\u0131nda dokularda biyolojik rezonans titre\u015fimlerini kullanarak dola\u015f\u0131m<\/p>\n","protected":false},"author":1,"featured_media":0,"parent":0,"menu_order":0,"comment_status":"closed","ping_status":"closed","template":"","meta":{"footnotes":""},"class_list":["post-27178","page","type-page","status-publish","hentry"],"_links":{"self":[{"href":"https:\/\/dilaraerenkaraman.com.tr\/index.php\/wp-json\/wp\/v2\/pages\/27178","targetHints":{"allow":["GET"]}}],"collection":[{"href":"https:\/\/dilaraerenkaraman.com.tr\/index.php\/wp-json\/wp\/v2\/pages"}],"about":[{"href":"https:\/\/dilaraerenkaraman.com.tr\/index.php\/wp-json\/wp\/v2\/types\/page"}],"author":[{"embeddable":true,"href":"https:\/\/dilaraerenkaraman.com.tr\/index.php\/wp-json\/wp\/v2\/users\/1"}],"replies":[{"embeddable":true,"href":"https:\/\/dilaraerenkaraman.com.tr\/index.php\/wp-json\/wp\/v2\/comments?post=27178"}],"version-history":[{"count":2,"href":"https:\/\/dilaraerenkaraman.com.tr\/index.php\/wp-json\/wp\/v2\/pages\/27178\/revisions"}],"predecessor-version":[{"id":27345,"href":"https:\/\/dilaraerenkaraman.com.tr\/index.php\/wp-json\/wp\/v2\/pages\/27178\/revisions\/27345"}],"wp:attachment":[{"href":"https:\/\/dilaraerenkaraman.com.tr\/index.php\/wp-json\/wp\/v2\/media?parent=27178"}],"curies":[{"name":"wp","href":"https:\/\/api.w.org\/{rel}","templated":true}]}}