{"id":994,"date":"2024-07-08T09:08:18","date_gmt":"2024-07-08T09:08:18","guid":{"rendered":"https:\/\/dilaraerenkaraman.com.tr\/?page_id=994"},"modified":"2024-08-26T07:47:22","modified_gmt":"2024-08-26T07:47:22","slug":"iletisim","status":"publish","type":"page","link":"https:\/\/dilaraerenkaraman.com.tr\/index.php\/iletisim\/","title":{"rendered":"\u0130leti\u015fim"},"content":{"rendered":"\t\t<div data-elementor-type=\"wp-page\" data-elementor-id=\"994\" class=\"elementor elementor-994\">\n\t\t\t\t\t\t<section class=\"elementor-section elementor-top-section elementor-element elementor-element-71097e6c elementor-section-boxed elementor-section-height-default elementor-section-height-default\" data-id=\"71097e6c\" data-element_type=\"section\">\n\t\t\t\t\t\t<div class=\"elementor-container elementor-column-gap-default\">\n\t\t\t\t\t<div class=\"elementor-column elementor-col-50 elementor-top-column elementor-element elementor-element-23968992\" data-id=\"23968992\" data-element_type=\"column\">\n\t\t\t<div class=\"elementor-widget-wrap elementor-element-populated\">\n\t\t\t\t\t\t<div class=\"elementor-element elementor-element-254332b1 wd-width-100 elementor-widget elementor-widget-wd_title\" data-id=\"254332b1\" data-element_type=\"widget\" data-widget_type=\"wd_title.default\">\n\t\t\t\t<div class=\"elementor-widget-container\">\n\t\t\t\t\t<div class=\"title-wrapper set-mb-s reset-last-child wd-title-color-default wd-title-style-default wd-title-size-default text-left\">\n\n\t\t\t\n\t\t\t<div class=\"liner-continer\">\n\t\t\t\t<h4 class=\"woodmart-title-container title wd-fontsize-l\">Konum<\/h4> \n\t\t\t\t\t\t\t<\/div>\n\n\t\t\t\t\t<\/div>\n\t\t\t\t<\/div>\n\t\t\t\t<\/div>\n\t\t\t\t<div class=\"elementor-element elementor-element-7c947afb elementor-widget elementor-widget-wd_infobox\" data-id=\"7c947afb\" data-element_type=\"widget\" data-widget_type=\"wd_infobox.default\">\n\t\t\t\t<div class=\"elementor-widget-container\">\n\t\t\t\t\t<div class=\"info-box-wrapper\">\n\t\t\t<div class=\"wd-info-box text-left box-icon-align-left box-style-base color-scheme- wd-items-top\">\n\t\t\t\t\t\t\t\t\t<div class=\"box-icon-wrapper  box-with-icon box-icon-simple\">\n\t\t\t\t\t\t<div class=\"info-box-icon\">\n\t\t\t\t\t\t\t\t\t\t\t\t\t\t\t<img decoding=\"async\" width=\"35\" height=\"35\" src=\"https:\/\/dilaraerenkaraman.com.tr\/wp-content\/uploads\/2024\/08\/Adsiz-tasarim-2024-08-24T135829.910-35x35.png\" class=\"attachment-35x35 size-35x35\" alt=\"\" srcset=\"https:\/\/dilaraerenkaraman.com.tr\/wp-content\/uploads\/2024\/08\/Adsiz-tasarim-2024-08-24T135829.910-35x35.png 35w, https:\/\/dilaraerenkaraman.com.tr\/wp-content\/uploads\/2024\/08\/Adsiz-tasarim-2024-08-24T135829.910.png 40w\" sizes=\"(max-width: 35px) 100vw, 35px\" \/>\t\t\t\t\t\t\t\t\t\t\t\t\t<\/div>\n\t\t\t\t\t<\/div>\n\t\t\t\t\n\t\t\t\t<div class=\"info-box-content\">\n\t\t\t\t\t\n\t\t\t\t\t\n\t\t\t\t\t<div class=\"info-box-inner set-cont-mb-s reset-last-child\"data-elementor-setting-key=\"content\"><p>Karaba\u015f, G\u00f6kbal Sirius \u0130\u015f Merkezi, S\u00fcleymanpa\u015fa Sk No:11 K:1 D:2, 41040 \u0130zmit\/Kocaeli<\/p>\n<\/div>\n\n\t\t\t\t\t\t\t\t\t<\/div>\n\n\t\t\t\t\t\t\t<\/div>\n\t\t<\/div>\n\t\t\t\t<\/div>\n\t\t\t\t<\/div>\n\t\t\t\t\t<\/div>\n\t\t<\/div>\n\t\t\t\t<div class=\"elementor-column elementor-col-50 elementor-top-column elementor-element elementor-element-6bdae31c\" data-id=\"6bdae31c\" data-element_type=\"column\">\n\t\t\t<div class=\"elementor-widget-wrap elementor-element-populated\">\n\t\t\t\t\t\t<div class=\"elementor-element elementor-element-19cb34c6 wd-width-100 elementor-widget elementor-widget-wd_title\" data-id=\"19cb34c6\" data-element_type=\"widget\" data-widget_type=\"wd_title.default\">\n\t\t\t\t<div class=\"elementor-widget-container\">\n\t\t\t\t\t<div class=\"title-wrapper set-mb-s reset-last-child wd-title-color-default wd-title-style-default wd-title-size-default text-left\">\n\n\t\t\t\n\t\t\t<div class=\"liner-continer\">\n\t\t\t\t<h4 class=\"woodmart-title-container title wd-fontsize-l\">\u0130leti\u015fim<\/h4> \n\t\t\t\t\t\t\t<\/div>\n\n\t\t\t\t\t<\/div>\n\t\t\t\t<\/div>\n\t\t\t\t<\/div>\n\t\t\t\t<div class=\"elementor-element elementor-element-6f698d elementor-widget elementor-widget-wd_infobox\" data-id=\"6f698d\" data-element_type=\"widget\" data-widget_type=\"wd_infobox.default\">\n\t\t\t\t<div class=\"elementor-widget-container\">\n\t\t\t\t\t<div class=\"info-box-wrapper\">\n\t\t\t<div class=\"wd-info-box text-left box-icon-align-left box-style-base color-scheme- wd-items-top\">\n\t\t\t\t\t\t\t\t\t<div class=\"box-icon-wrapper  box-with-icon box-icon-simple\">\n\t\t\t\t\t\t<div class=\"info-box-icon\">\n\t\t\t\t\t\t\t\t\t\t\t\t\t\t\t<img decoding=\"async\" width=\"35\" height=\"35\" src=\"https:\/\/dilaraerenkaraman.com.tr\/wp-content\/uploads\/2024\/08\/Adsiz-tasarim-2024-08-24T135730.540-35x35.png\" class=\"attachment-35x35 size-35x35\" alt=\"\" srcset=\"https:\/\/dilaraerenkaraman.com.tr\/wp-content\/uploads\/2024\/08\/Adsiz-tasarim-2024-08-24T135730.540-35x35.png 35w, https:\/\/dilaraerenkaraman.com.tr\/wp-content\/uploads\/2024\/08\/Adsiz-tasarim-2024-08-24T135730.540.png 40w\" sizes=\"(max-width: 35px) 100vw, 35px\" \/>\t\t\t\t\t\t\t\t\t\t\t\t\t<\/div>\n\t\t\t\t\t<\/div>\n\t\t\t\t\n\t\t\t\t<div class=\"info-box-content\">\n\t\t\t\t\t\n\t\t\t\t\t\n\t\t\t\t\t<div class=\"info-box-inner set-cont-mb-s reset-last-child\"data-elementor-setting-key=\"content\"><p>0 533 685 43 05<\/p>\n<\/div>\n\n\t\t\t\t\t\t\t\t\t<\/div>\n\n\t\t\t\t\t\t\t<\/div>\n\t\t<\/div>\n\t\t\t\t<\/div>\n\t\t\t\t<\/div>\n\t\t\t\t<div class=\"elementor-element elementor-element-42dac2dd elementor-widget elementor-widget-wd_infobox\" data-id=\"42dac2dd\" data-element_type=\"widget\" data-widget_type=\"wd_infobox.default\">\n\t\t\t\t<div class=\"elementor-widget-container\">\n\t\t\t\t\t<div class=\"info-box-wrapper\">\n\t\t\t<div class=\"wd-info-box text-left box-icon-align-left box-style-base color-scheme- wd-items-top\">\n\t\t\t\t\t\t\t\t\t<div class=\"box-icon-wrapper  box-with-icon box-icon-simple\">\n\t\t\t\t\t\t<div class=\"info-box-icon\">\n\t\t\t\t\t\t\t\t\t\t\t\t\t\t\t<img decoding=\"async\" width=\"35\" height=\"35\" src=\"https:\/\/dilaraerenkaraman.com.tr\/wp-content\/uploads\/2024\/08\/Adsiz-tasarim-2024-08-24T135742.774-35x35.png\" class=\"attachment-35x35 size-35x35\" alt=\"\" srcset=\"https:\/\/dilaraerenkaraman.com.tr\/wp-content\/uploads\/2024\/08\/Adsiz-tasarim-2024-08-24T135742.774-35x35.png 35w, https:\/\/dilaraerenkaraman.com.tr\/wp-content\/uploads\/2024\/08\/Adsiz-tasarim-2024-08-24T135742.774.png 40w\" sizes=\"(max-width: 35px) 100vw, 35px\" \/>\t\t\t\t\t\t\t\t\t\t\t\t\t<\/div>\n\t\t\t\t\t<\/div>\n\t\t\t\t\n\t\t\t\t<div class=\"info-box-content\">\n\t\t\t\t\t\n\t\t\t\t\t\n\t\t\t\t\t<div class=\"info-box-inner set-cont-mb-s reset-last-child\"data-elementor-setting-key=\"content\"><p>\u00a0info@dilaraerenkaraman.com.tr<\/p>\n<\/div>\n\n\t\t\t\t\t\t\t\t\t<\/div>\n\n\t\t\t\t\t\t\t<\/div>\n\t\t<\/div>\n\t\t\t\t<\/div>\n\t\t\t\t<\/div>\n\t\t\t\t\t<\/div>\n\t\t<\/div>\n\t\t\t\t\t<\/div>\n\t\t<\/section>\n\t\t\t\t<section class=\"elementor-section elementor-top-section elementor-element elementor-element-a7bad9e elementor-section-boxed elementor-section-height-default elementor-section-height-default\" data-id=\"a7bad9e\" data-element_type=\"section\">\n\t\t\t\t\t\t<div class=\"elementor-container elementor-column-gap-default\">\n\t\t\t\t\t<div class=\"elementor-column elementor-col-100 elementor-top-column elementor-element elementor-element-31084352\" data-id=\"31084352\" data-element_type=\"column\">\n\t\t\t<div class=\"elementor-widget-wrap elementor-element-populated\">\n\t\t\t\t\t\t<div class=\"elementor-element elementor-element-606cb9c9 wd-width-100 elementor-widget elementor-widget-wd_google_map\" data-id=\"606cb9c9\" data-element_type=\"widget\" data-widget_type=\"wd_google_map.default\">\n\t\t\t\t<div class=\"elementor-widget-container\">\n\t\t\t\t\t<div class=\"google-map-container wd-map-container\" data-map-args='{\"multiple_markers\":\"no\",\"latitude\":\"40.76378366757416\",\"longitude\":\"29.93632949627225\",\"zoom\":15,\"mouse_zoom\":\"no\",\"init_type\":\"page_load\",\"init_offset\":\"\",\"json_style\":\"W3siZmVhdHVyZVR5cGUiOiJ3YXRlciIsImVsZW1lbnRUeXBlIjoiZ2VvbWV0cnkiLCJzdHlsZXJzIjpbeyJjb2xvciI6IiNlOWU5ZTkifSx7ImxpZ2h0bmVzcyI6MTd9XX0seyJmZWF0dXJlVHlwZSI6ImxhbmRzY2FwZSIsImVsZW1lbnRUeXBlIjoiZ2VvbWV0cnkiLCJzdHlsZXJzIjpbeyJjb2xvciI6IiNmNWY1ZjUifSx7ImxpZ2h0bmVzcyI6MjB9XX0seyJmZWF0dXJlVHlwZSI6InJvYWQuaGlnaHdheSIsImVsZW1lbnRUeXBlIjoiZ2VvbWV0cnkuZmlsbCIsInN0eWxlcnMiOlt7ImNvbG9yIjoiI2ZmZmZmZiJ9LHsibGlnaHRuZXNzIjoxN31dfSx7ImZlYXR1cmVUeXBlIjoicm9hZC5oaWdod2F5IiwiZWxlbWVudFR5cGUiOiJnZW9tZXRyeS5zdHJva2UiLCJzdHlsZXJzIjpbeyJjb2xvciI6IiNmZmZmZmYifSx7ImxpZ2h0bmVzcyI6Mjl9LHsid2VpZ2h0IjowLjJ9XX0seyJmZWF0dXJlVHlwZSI6InJvYWQuYXJ0ZXJpYWwiLCJlbGVtZW50VHlwZSI6Imdlb21ldHJ5Iiwic3R5bGVycyI6W3siY29sb3IiOiIjZmZmZmZmIn0seyJsaWdodG5lc3MiOjE4fV19LHsiZmVhdHVyZVR5cGUiOiJyb2FkLmxvY2FsIiwiZWxlbWVudFR5cGUiOiJnZW9tZXRyeSIsInN0eWxlcnMiOlt7ImNvbG9yIjoiI2ZmZmZmZiJ9LHsibGlnaHRuZXNzIjoxNn1dfSx7ImZlYXR1cmVUeXBlIjoicG9pIiwiZWxlbWVudFR5cGUiOiJnZW9tZXRyeSIsInN0eWxlcnMiOlt7ImNvbG9yIjoiI2Y1ZjVmNSJ9LHsibGlnaHRuZXNzIjoyMX1dfSx7ImZlYXR1cmVUeXBlIjoicG9pLnBhcmsiLCJlbGVtZW50VHlwZSI6Imdlb21ldHJ5Iiwic3R5bGVycyI6W3siY29sb3IiOiIjZGVkZWRlIn0seyJsaWdodG5lc3MiOjIxfV19LHsiZWxlbWVudFR5cGUiOiJsYWJlbHMudGV4dC5zdHJva2UiLCJzdHlsZXJzIjpbeyJ2aXNpYmlsaXR5Ijoib24ifSx7ImNvbG9yIjoiI2ZmZmZmZiJ9LHsibGlnaHRuZXNzIjoxNn1dfSx7ImVsZW1lbnRUeXBlIjoibGFiZWxzLnRleHQuZmlsbCIsInN0eWxlcnMiOlt7InNhdHVyYXRpb24iOjM2fSx7ImNvbG9yIjoiIzMzMzMzMyJ9LHsibGlnaHRuZXNzIjo0MH1dfSx7ImVsZW1lbnRUeXBlIjoibGFiZWxzLmljb24iLCJzdHlsZXJzIjpbeyJ2aXNpYmlsaXR5Ijoib2ZmIn1dfSx7ImZlYXR1cmVUeXBlIjoidHJhbnNpdCIsImVsZW1lbnRUeXBlIjoiZ2VvbWV0cnkiLCJzdHlsZXJzIjpbeyJjb2xvciI6IiNmMmYyZjIifSx7ImxpZ2h0bmVzcyI6MTl9XX0seyJmZWF0dXJlVHlwZSI6ImFkbWluaXN0cmF0aXZlIiwiZWxlbWVudFR5cGUiOiJnZW9tZXRyeS5maWxsIiwic3R5bGVycyI6W3siY29sb3IiOiIjZmVmZWZlIn0seyJsaWdodG5lc3MiOjIwfV19LHsiZmVhdHVyZVR5cGUiOiJhZG1pbmlzdHJhdGl2ZSIsImVsZW1lbnRUeXBlIjoiZ2VvbWV0cnkuc3Ryb2tlIiwic3R5bGVycyI6W3siY29sb3IiOiIjZmVmZWZlIn0seyJsaWdodG5lc3MiOjE3fSx7IndlaWdodCI6MS4yfV19XQ==\",\"marker_icon\":\"https:\\\/\\\/dilaraerenkaraman.com.tr\\\/wp-content\\\/uploads\\\/2024\\\/08\\\/bikes-map-pointer.svg\",\"marker_icon_size\":[150,150,true],\"elementor\":true,\"marker_text_needed\":\"no\",\"marker_text\":\"<h3 style=\\\"min-width:300px; text-align:center; margin:15px;\\\"><\\\/h3>\",\"selector\":\"wd-map-id-69eb5a3927dbd\",\"markers\":null,\"center\":\"\"}'>\n\n\t\t\t\n\t\t\t\n\t\t\t<div class=\"wd-google-map-wrapper wd-map-wrapper wd-fill\">\n\t\t\t\t<div id=\"wd-map-id-69eb5a3927dbd\" class=\"wd-google-map without-content wd-fill\"><\/div>\n\t\t\t<\/div>\n\n\t\t\t\t\t<\/div>\n\t\t\t\t<\/div>\n\t\t\t\t<\/div>\n\t\t\t\t\t<\/div>\n\t\t<\/div>\n\t\t\t\t\t<\/div>\n\t\t<\/section>\n\t\t\t\t<\/div>\n\t\t","protected":false},"excerpt":{"rendered":"<p>Konum Karaba\u015f, G\u00f6kbal Sirius \u0130\u015f Merkezi, S\u00fcleymanpa\u015fa Sk No:11 K:1 D:2, 41040 \u0130zmit\/Kocaeli \u0130leti\u015fim 0 533 685 43 05 \u00a0info@dilaraerenkaraman.com.tr<\/p>\n","protected":false},"author":1,"featured_media":0,"parent":0,"menu_order":0,"comment_status":"closed","ping_status":"closed","template":"","meta":{"footnotes":""},"class_list":["post-994","page","type-page","status-publish","hentry"],"_links":{"self":[{"href":"https:\/\/dilaraerenkaraman.com.tr\/index.php\/wp-json\/wp\/v2\/pages\/994","targetHints":{"allow":["GET"]}}],"collection":[{"href":"https:\/\/dilaraerenkaraman.com.tr\/index.php\/wp-json\/wp\/v2\/pages"}],"about":[{"href":"https:\/\/dilaraerenkaraman.com.tr\/index.php\/wp-json\/wp\/v2\/types\/page"}],"author":[{"embeddable":true,"href":"https:\/\/dilaraerenkaraman.com.tr\/index.php\/wp-json\/wp\/v2\/users\/1"}],"replies":[{"embeddable":true,"href":"https:\/\/dilaraerenkaraman.com.tr\/index.php\/wp-json\/wp\/v2\/comments?post=994"}],"version-history":[{"count":13,"href":"https:\/\/dilaraerenkaraman.com.tr\/index.php\/wp-json\/wp\/v2\/pages\/994\/revisions"}],"predecessor-version":[{"id":27232,"href":"https:\/\/dilaraerenkaraman.com.tr\/index.php\/wp-json\/wp\/v2\/pages\/994\/revisions\/27232"}],"wp:attachment":[{"href":"https:\/\/dilaraerenkaraman.com.tr\/index.php\/wp-json\/wp\/v2\/media?parent=994"}],"curies":[{"name":"wp","href":"https:\/\/api.w.org\/{rel}","templated":true}]}}